{"id":24574,"date":"2022-01-23T21:20:12","date_gmt":"2022-01-23T21:20:12","guid":{"rendered":"https:\/\/labibliadice.org\/estudiobiblico\/?page_id=24574"},"modified":"2022-04-26T21:32:29","modified_gmt":"2022-04-26T21:32:29","slug":"jesucristo-rey-de-reyes-y-senor-de-senores","status":"publish","type":"page","link":"https:\/\/labibliadice.org\/estudiobiblico\/jesucristo-rey-de-reyes-y-senor-de-senores\/","title":{"rendered":"Jesucristo, Rey de Reyes y Se\u00f1or de Se\u00f1ores"},"content":{"rendered":"<p>[et_pb_section fb_built=\u00bb1&#8243; next_background_color=\u00bb#ffffff\u00bb admin_label=\u00bbHero\u00bb _builder_version=\u00bb4.14.1&#8243; use_background_color_gradient=\u00bbon\u00bb background_color_gradient_start=\u00bb#283d4b\u00bb background_color_gradient_end=\u00bbrgba(128,103,79,0.5)\u00bb background_color_gradient_direction=\u00bb70deg\u00bb background_color_gradient_overlays_image=\u00bbon\u00bb background_image=\u00bbhttps:\/\/labibliadice.org\/estudiobiblico\/wp-content\/uploads\/sites\/2\/2021\/11\/Contacto-con-Dios.jpg\u00bb custom_margin=\u00bb|||\u00bb custom_padding=\u00bb6vw||100px||false|false\u00bb bottom_divider_style=\u00bbmountains2&#8243; bottom_divider_repeat=\u00bb0.5x\u00bb bottom_divider_flip=\u00bbhorizontal|vertical\u00bb global_colors_info=\u00bb{}\u00bb][et_pb_row _builder_version=\u00bb3.25&#8243; custom_margin=\u00bb|||\u00bb custom_padding=\u00bb27px|0px|0|0px|false|false\u00bb global_colors_info=\u00bb{}\u00bb][et_pb_column type=\u00bb4_4&#8243; _builder_version=\u00bb3.25&#8243; custom_padding=\u00bb|||\u00bb global_colors_info=\u00bb{}\u00bb custom_padding__hover=\u00bb|||\u00bb][et_pb_text _builder_version=\u00bb4.14.1&#8243; text_font=\u00bb||||||||\u00bb header_font=\u00bbAclonica|700|||||||\u00bb header_font_size=\u00bb52px\u00bb header_line_height=\u00bb1.4em\u00bb header_2_font=\u00bbJosefin Sans||||||||\u00bb header_2_text_color=\u00bbrgba(255,255,255,0.6)\u00bb header_2_font_size=\u00bb32px\u00bb header_2_line_height=\u00bb1.4em\u00bb background_layout=\u00bbdark\u00bb animation_style=\u00bbslide\u00bb animation_direction=\u00bbright\u00bb animation_intensity_slide=\u00bb4%\u00bb header_font_size_tablet=\u00bb50px\u00bb header_font_size_phone=\u00bb32px\u00bb header_font_size_last_edited=\u00bbon|desktop\u00bb header_2_font_size_tablet=\u00bb\u00bb header_2_font_size_phone=\u00bb24px\u00bb header_2_font_size_last_edited=\u00bbon|phone\u00bb global_colors_info=\u00bb{}\u00bb]<\/p>\n<h1>Estudio B\u00edblico<\/h1>\n<p>[\/et_pb_text][et_pb_text content_tablet=\u00bb<\/p>\n<h1 style=%22text-align: left;%22>Carta del ap\u00f3stol Pablo a los Filipenses<\/h1>\n<p>\u00bb content_phone=\u00bb<\/p>\n<h1 style=%22text-align: left;%22>Jesucristo, Rey de Reyes y Se\u00f1or de Se\u00f1ores<\/h1>\n<p>\u00bb content_last_edited=\u00bbon|desktop\u00bb _builder_version=\u00bb4.14.1&#8243; _module_preset=\u00bbdefault\u00bb text_font=\u00bbAclonica||||||||\u00bb text_text_color=\u00bb#FFFFFF\u00bb text_font_size=\u00bb28px\u00bb header_text_align=\u00bbcenter\u00bb header_text_color=\u00bb#FFFFFF\u00bb header_font_size=\u00bb27px\u00bb custom_margin=\u00bb26px||40px|34px|false|false\u00bb hover_enabled=\u00bb0&#8243; header_text_align_tablet=\u00bbcenter\u00bb header_text_align_phone=\u00bb\u00bb header_text_align_last_edited=\u00bbon|phone\u00bb header_font_size_tablet=\u00bb27px\u00bb header_font_size_phone=\u00bb17px\u00bb header_font_size_last_edited=\u00bbon|phone\u00bb global_colors_info=\u00bb{}\u00bb sticky_enabled=\u00bb0&#8243;]<\/p>\n<ul>\n<li>1 de Pedro<\/li>\n<\/ul>\n<p>[\/et_pb_text][\/et_pb_column][\/et_pb_row][\/et_pb_section][et_pb_section fb_built=\u00bb1&#8243; custom_padding_last_edited=\u00bboff|desktop\u00bb admin_label=\u00bbService\u00bb _builder_version=\u00bb3.22&#8243; custom_padding=\u00bb54px|0px|54px|0px|false|false\u00bb global_colors_info=\u00bb{}\u00bb][et_pb_row _builder_version=\u00bb4.14.1&#8243; locked=\u00bboff\u00bb global_colors_info=\u00bb{}\u00bb][et_pb_column type=\u00bb4_4&#8243; _builder_version=\u00bb3.25&#8243; custom_padding=\u00bb|||\u00bb global_colors_info=\u00bb{}\u00bb custom_padding__hover=\u00bb|||\u00bb][et_pb_text _builder_version=\u00bb4.14.1&#8243; text_font=\u00bbOpen Sans||||||||\u00bb text_font_size=\u00bb18px\u00bb text_line_height=\u00bb1.8em\u00bb header_font=\u00bb||||||||\u00bb header_2_font=\u00bbJosefin Sans|700|||||||\u00bb header_2_font_size=\u00bb32px\u00bb header_2_line_height=\u00bb1.5em\u00bb header_3_font=\u00bbJosefin Sans|700||on|||||\u00bb header_3_text_color=\u00bbrgba(43,51,68,0.2)\u00bb max_width=\u00bb1092px\u00bb custom_margin=\u00bb||30px|\u00bb custom_padding=\u00bb|||\u00bb hover_enabled=\u00bb0&#8243; locked=\u00bboff\u00bb global_colors_info=\u00bb{}\u00bb sticky_enabled=\u00bb0&#8243;]<\/p>\n<h2 style=\"text-align: center;\">Introducci\u00f3n<\/h2>\n<p style=\"text-align: justify;\"><span>&#8211;<\/span><\/p>\n<p>[\/et_pb_text][\/et_pb_column][\/et_pb_row][et_pb_row _builder_version=\u00bb4.14.1&#8243; _module_preset=\u00bbdefault\u00bb global_colors_info=\u00bb{}\u00bb][et_pb_column type=\u00bb4_4&#8243; _builder_version=\u00bb4.14.1&#8243; _module_preset=\u00bbdefault\u00bb global_colors_info=\u00bb{}\u00bb][et_pb_blog posts_number=\u00bb4&#8243; include_categories=\u00bb17&#8243; _builder_version=\u00bb4.14.1&#8243; _module_preset=\u00bbdefault\u00bb header_font=\u00bbAclonica||||||||\u00bb header_font_size=\u00bb20px\u00bb body_text_color=\u00bb#000000&#8243; meta_text_color=\u00bb#dd8100&#8243; pagination_font=\u00bbAclonica||||||||\u00bb pagination_font_size=\u00bb23px\u00bb transform_origin=\u00bb46%|56%\u00bb hover_enabled=\u00bb0&#8243; header_text_shadow_style=\u00bbpreset1&#8243; header_text_shadow_horizontal_length=\u00bb0.06em\u00bb header_text_shadow_vertical_length=\u00bb0.04em\u00bb pagination_text_shadow_style=\u00bbpreset1&#8243; pagination_text_shadow_horizontal_length=\u00bb0.04em\u00bb pagination_text_shadow_vertical_length=\u00bb-0.1em\u00bb global_colors_info=\u00bb{}\u00bb sticky_enabled=\u00bb0&#8243;][\/et_pb_blog][\/et_pb_column][\/et_pb_row][\/et_pb_section][et_pb_section fb_built=\u00bb1&#8243; admin_label=\u00bbFooter\u00bb _builder_version=\u00bb3.22&#8243; global_colors_info=\u00bb{}\u00bb][et_pb_row column_structure=\u00bb1_3,1_3,1_3&#8243; _builder_version=\u00bb3.25&#8243; custom_padding=\u00bb|||\u00bb global_colors_info=\u00bb{}\u00bb][et_pb_column type=\u00bb1_3&#8243; _builder_version=\u00bb3.25&#8243; custom_padding=\u00bb|||\u00bb global_colors_info=\u00bb{}\u00bb custom_padding__hover=\u00bb|||\u00bb][et_pb_blurb title=\u00bbDirecci\u00f3n\u00bb use_icon=\u00bbon\u00bb font_icon=\u00bb&#xe074;||divi||400&#8243; icon_color=\u00bb#f47a55&#8243; image_icon_width=\u00bb32px\u00bb content_max_width_tablet=\u00bb\u00bb content_max_width_phone=\u00bb703px\u00bb content_max_width_last_edited=\u00bbon|phone\u00bb _builder_version=\u00bb4.14.1&#8243; header_font=\u00bbJosefin Sans|700||on|||||\u00bb header_text_align=\u00bbcenter\u00bb header_font_size=\u00bb15px\u00bb body_font=\u00bbOpen Sans||||||||\u00bb body_text_align=\u00bbcenter\u00bb body_font_size=\u00bb15px\u00bb width=\u00bb100%\u00bb max_width_tablet=\u00bb\u00bb max_width_phone=\u00bb69%\u00bb max_width_last_edited=\u00bbon|phone\u00bb max_height_tablet=\u00bb\u00bb max_height_phone=\u00bb1000px\u00bb max_height_last_edited=\u00bbon|phone\u00bb custom_margin=\u00bb-20px|||-34px|false|false\u00bb custom_padding=\u00bb|||0px|false|false\u00bb icon_font_size=\u00bb32px\u00bb global_colors_info=\u00bb{}\u00bb]<\/p>\n<p><span>Av. Galo PlazaLasso N63-183 y Cedros, Quito, Ecuador<\/span><\/p>\n<p>[\/et_pb_blurb][\/et_pb_column][et_pb_column type=\u00bb1_3&#8243; _builder_version=\u00bb3.25&#8243; custom_padding=\u00bb|||\u00bb global_colors_info=\u00bb{}\u00bb custom_padding__hover=\u00bb|||\u00bb][et_pb_blurb title=\u00bbTel\u00e9fono\u00bb use_icon=\u00bbon\u00bb font_icon=\u00bb&#xe090;||divi||400&#8243; icon_color=\u00bb#f47a55&#8243; image_icon_width=\u00bb32px\u00bb _builder_version=\u00bb4.14.1&#8243; header_font=\u00bbJosefin Sans|700||on|||||\u00bb header_text_align=\u00bbcenter\u00bb header_font_size=\u00bb15px\u00bb body_font=\u00bbOpen Sans||||||||\u00bb body_text_align=\u00bbcenter\u00bb custom_margin_tablet=\u00bb\u00bb custom_margin_phone=\u00bb-163px|||228px|false|false\u00bb custom_margin_last_edited=\u00bbon|phone\u00bb animation_style=\u00bbfold\u00bb animation_direction=\u00bbleft\u00bb animation_delay=\u00bb200ms\u00bb animation_intensity_fold=\u00bb20%\u00bb icon_font_size=\u00bb32px\u00bb global_colors_info=\u00bb{}\u00bb]<\/p>\n<p><span>+593 2-247-5563<\/span><\/p>\n<p>[\/et_pb_blurb][\/et_pb_column][et_pb_column type=\u00bb1_3&#8243; _builder_version=\u00bb3.25&#8243; custom_padding=\u00bb|||\u00bb global_colors_info=\u00bb{}\u00bb custom_padding__hover=\u00bb|||\u00bb][et_pb_blurb title=\u00bbEMAIL\u00bb use_icon=\u00bbon\u00bb font_icon=\u00bb&#xe076;||divi||400&#8243; icon_color=\u00bb#f47a55&#8243; image_icon_width=\u00bb32px\u00bb _builder_version=\u00bb4.14.1&#8243; header_font=\u00bbJosefin Sans|700||on|||||\u00bb header_text_align=\u00bbcenter\u00bb header_font_size=\u00bb15px\u00bb body_font=\u00bbOpen Sans||||||||\u00bb body_text_align=\u00bbcenter\u00bb body_font_size=\u00bb16px\u00bb custom_margin=\u00bb-5px||||false|false\u00bb custom_margin_tablet=\u00bb-5px||||false|false\u00bb custom_margin_phone=\u00bb-5px||||false|false\u00bb custom_margin_last_edited=\u00bbon|desktop\u00bb animation_style=\u00bbfold\u00bb animation_direction=\u00bbleft\u00bb animation_delay=\u00bb200ms\u00bb animation_intensity_fold=\u00bb20%\u00bb icon_font_size=\u00bb32px\u00bb global_colors_info=\u00bb{}\u00bb]<\/p>\n<p>contacto@labibliadice.org<\/p>\n<p>[\/et_pb_blurb][\/et_pb_column][\/et_pb_row][\/et_pb_section]<\/p>\n","protected":false},"excerpt":{"rendered":"<p>Estudio B\u00edblico 1 de Pedro Introducci\u00f3n -Av. Galo PlazaLasso N63-183 y Cedros, Quito, Ecuador+593 2-247-5563contacto@labibliadice.org<\/p>\n","protected":false},"author":1,"featured_media":0,"parent":0,"menu_order":0,"comment_status":"closed","ping_status":"closed","template":"","meta":{"_et_pb_use_builder":"on","_et_pb_old_content":"<!-- wp:divi\/placeholder \/-->","_et_gb_content_width":"","footnotes":""},"class_list":["post-24574","page","type-page","status-publish","hentry"],"yoast_head":"<!-- This site is optimized with the Yoast SEO plugin v17.6 - https:\/\/yoast.com\/wordpress\/plugins\/seo\/ -->\n<title>Jesucristo, Rey de Reyes y Se\u00f1or de Se\u00f1ores - Estudio B\u00edblico<\/title>\n<meta name=\"robots\" content=\"index, follow, max-snippet:-1, max-image-preview:large, max-video-preview:-1\" \/>\n<link rel=\"canonical\" href=\"https:\/\/labibliadice.org\/estudiobiblico\/jesucristo-rey-de-reyes-y-senor-de-senores\/\" \/>\n<meta property=\"og:locale\" content=\"es_ES\" \/>\n<meta property=\"og:type\" content=\"article\" \/>\n<meta property=\"og:title\" content=\"Jesucristo, Rey de Reyes y Se\u00f1or de Se\u00f1ores - Estudio B\u00edblico\" \/>\n<meta property=\"og:description\" content=\"Estudio B\u00edblico 1 de Pedro Introducci\u00f3n -Av. Galo PlazaLasso N63-183 y Cedros, Quito, Ecuador+593 2-247-5563contacto@labibliadice.org\" \/>\n<meta property=\"og:url\" content=\"https:\/\/labibliadice.org\/estudiobiblico\/jesucristo-rey-de-reyes-y-senor-de-senores\/\" \/>\n<meta property=\"og:site_name\" content=\"Estudio B\u00edblico\" \/>\n<meta property=\"article:modified_time\" content=\"2022-04-26T21:32:29+00:00\" \/>\n<meta name=\"twitter:card\" content=\"summary_large_image\" \/>\n<script type=\"application\/ld+json\" class=\"yoast-schema-graph\">{\"@context\":\"https:\/\/schema.org\",\"@graph\":[{\"@type\":\"WebSite\",\"@id\":\"https:\/\/labibliadice.org\/estudiobiblico\/#website\",\"url\":\"https:\/\/labibliadice.org\/estudiobiblico\/\",\"name\":\"Estudio B\\u00edblico\",\"description\":\"\",\"potentialAction\":[{\"@type\":\"SearchAction\",\"target\":{\"@type\":\"EntryPoint\",\"urlTemplate\":\"https:\/\/labibliadice.org\/estudiobiblico\/?s={search_term_string}\"},\"query-input\":\"required name=search_term_string\"}],\"inLanguage\":\"es\"},{\"@type\":\"WebPage\",\"@id\":\"https:\/\/labibliadice.org\/estudiobiblico\/jesucristo-rey-de-reyes-y-senor-de-senores\/#webpage\",\"url\":\"https:\/\/labibliadice.org\/estudiobiblico\/jesucristo-rey-de-reyes-y-senor-de-senores\/\",\"name\":\"Jesucristo, Rey de Reyes y Se\\u00f1or de Se\\u00f1ores - Estudio B\\u00edblico\",\"isPartOf\":{\"@id\":\"https:\/\/labibliadice.org\/estudiobiblico\/#website\"},\"datePublished\":\"2022-01-23T21:20:12+00:00\",\"dateModified\":\"2022-04-26T21:32:29+00:00\",\"breadcrumb\":{\"@id\":\"https:\/\/labibliadice.org\/estudiobiblico\/jesucristo-rey-de-reyes-y-senor-de-senores\/#breadcrumb\"},\"inLanguage\":\"es\",\"potentialAction\":[{\"@type\":\"ReadAction\",\"target\":[\"https:\/\/labibliadice.org\/estudiobiblico\/jesucristo-rey-de-reyes-y-senor-de-senores\/\"]}]},{\"@type\":\"BreadcrumbList\",\"@id\":\"https:\/\/labibliadice.org\/estudiobiblico\/jesucristo-rey-de-reyes-y-senor-de-senores\/#breadcrumb\",\"itemListElement\":[{\"@type\":\"ListItem\",\"position\":1,\"name\":\"Portada\",\"item\":\"https:\/\/labibliadice.org\/estudiobiblico\/\"},{\"@type\":\"ListItem\",\"position\":2,\"name\":\"Jesucristo, Rey de Reyes y Se\\u00f1or de Se\\u00f1ores\"}]}]}<\/script>\n<!-- \/ Yoast SEO plugin. -->","yoast_head_json":{"title":"Jesucristo, Rey de Reyes y Se\u00f1or de Se\u00f1ores - Estudio B\u00edblico","robots":{"index":"index","follow":"follow","max-snippet":"max-snippet:-1","max-image-preview":"max-image-preview:large","max-video-preview":"max-video-preview:-1"},"canonical":"https:\/\/labibliadice.org\/estudiobiblico\/jesucristo-rey-de-reyes-y-senor-de-senores\/","og_locale":"es_ES","og_type":"article","og_title":"Jesucristo, Rey de Reyes y Se\u00f1or de Se\u00f1ores - Estudio B\u00edblico","og_description":"Estudio B\u00edblico 1 de Pedro Introducci\u00f3n -Av. Galo PlazaLasso N63-183 y Cedros, Quito, Ecuador+593 2-247-5563contacto@labibliadice.org","og_url":"https:\/\/labibliadice.org\/estudiobiblico\/jesucristo-rey-de-reyes-y-senor-de-senores\/","og_site_name":"Estudio B\u00edblico","article_modified_time":"2022-04-26T21:32:29+00:00","twitter_card":"summary_large_image","schema":{"@context":"https:\/\/schema.org","@graph":[{"@type":"WebSite","@id":"https:\/\/labibliadice.org\/estudiobiblico\/#website","url":"https:\/\/labibliadice.org\/estudiobiblico\/","name":"Estudio B\u00edblico","description":"","potentialAction":[{"@type":"SearchAction","target":{"@type":"EntryPoint","urlTemplate":"https:\/\/labibliadice.org\/estudiobiblico\/?s={search_term_string}"},"query-input":"required name=search_term_string"}],"inLanguage":"es"},{"@type":"WebPage","@id":"https:\/\/labibliadice.org\/estudiobiblico\/jesucristo-rey-de-reyes-y-senor-de-senores\/#webpage","url":"https:\/\/labibliadice.org\/estudiobiblico\/jesucristo-rey-de-reyes-y-senor-de-senores\/","name":"Jesucristo, Rey de Reyes y Se\u00f1or de Se\u00f1ores - Estudio B\u00edblico","isPartOf":{"@id":"https:\/\/labibliadice.org\/estudiobiblico\/#website"},"datePublished":"2022-01-23T21:20:12+00:00","dateModified":"2022-04-26T21:32:29+00:00","breadcrumb":{"@id":"https:\/\/labibliadice.org\/estudiobiblico\/jesucristo-rey-de-reyes-y-senor-de-senores\/#breadcrumb"},"inLanguage":"es","potentialAction":[{"@type":"ReadAction","target":["https:\/\/labibliadice.org\/estudiobiblico\/jesucristo-rey-de-reyes-y-senor-de-senores\/"]}]},{"@type":"BreadcrumbList","@id":"https:\/\/labibliadice.org\/estudiobiblico\/jesucristo-rey-de-reyes-y-senor-de-senores\/#breadcrumb","itemListElement":[{"@type":"ListItem","position":1,"name":"Portada","item":"https:\/\/labibliadice.org\/estudiobiblico\/"},{"@type":"ListItem","position":2,"name":"Jesucristo, Rey de Reyes y Se\u00f1or de Se\u00f1ores"}]}]}},"_links":{"self":[{"href":"https:\/\/labibliadice.org\/estudiobiblico\/wp-json\/wp\/v2\/pages\/24574","targetHints":{"allow":["GET"]}}],"collection":[{"href":"https:\/\/labibliadice.org\/estudiobiblico\/wp-json\/wp\/v2\/pages"}],"about":[{"href":"https:\/\/labibliadice.org\/estudiobiblico\/wp-json\/wp\/v2\/types\/page"}],"author":[{"embeddable":true,"href":"https:\/\/labibliadice.org\/estudiobiblico\/wp-json\/wp\/v2\/users\/1"}],"replies":[{"embeddable":true,"href":"https:\/\/labibliadice.org\/estudiobiblico\/wp-json\/wp\/v2\/comments?post=24574"}],"version-history":[{"count":4,"href":"https:\/\/labibliadice.org\/estudiobiblico\/wp-json\/wp\/v2\/pages\/24574\/revisions"}],"predecessor-version":[{"id":24709,"href":"https:\/\/labibliadice.org\/estudiobiblico\/wp-json\/wp\/v2\/pages\/24574\/revisions\/24709"}],"wp:attachment":[{"href":"https:\/\/labibliadice.org\/estudiobiblico\/wp-json\/wp\/v2\/media?parent=24574"}],"curies":[{"name":"wp","href":"https:\/\/api.w.org\/{rel}","templated":true}]}}